{"id":26244,"date":"2017-10-02T19:15:59","date_gmt":"2017-10-02T19:15:59","guid":{"rendered":"https:\/\/primehires.com\/carrieres\/"},"modified":"2026-02-26T15:26:32","modified_gmt":"2026-02-26T15:26:32","slug":"carrieres","status":"publish","type":"page","link":"https:\/\/primehires.com\/fr\/carrieres\/","title":{"rendered":"Carri\u00e8res"},"content":{"rendered":"<p>[et_pb_section fb_built=\u00a0\u00bb1&Prime; admin_label=\u00a0\u00bbsection\u00a0\u00bb _builder_version=\u00a0\u00bb4.16&Prime; global_colors_info=\u00a0\u00bb{}\u00a0\u00bb][et_pb_row admin_label=\u00a0\u00bbRow\u00a0\u00bb _builder_version=\u00a0\u00bb4.16&Prime; background_size=\u00a0\u00bbinitial\u00a0\u00bb background_position=\u00a0\u00bbtop_left\u00a0\u00bb background_repeat=\u00a0\u00bbrepeat\u00a0\u00bb global_colors_info=\u00a0\u00bb{}\u00a0\u00bb][et_pb_column type=\u00a0\u00bb4_4&Prime; _builder_version=\u00a0\u00bb4.16&Prime; custom_padding=\u00a0\u00bb|||\u00a0\u00bb global_colors_info=\u00a0\u00bb{}\u00a0\u00bb custom_padding__hover=\u00a0\u00bb|||\u00a0\u00bb][et_pb_image src=\u00a0\u00bbhttps:\/\/primehires.com\/wp-content\/uploads\/2017\/10\/DSC_1036-cropped-2.jpg\u00a0\u00bb align_tablet=\u00a0\u00bbcenter\u00a0\u00bb align_phone=\u00a0\u00bb\u00a0\u00bb align_last_edited=\u00a0\u00bbon|desktop\u00a0\u00bb admin_label=\u00a0\u00bbImage\u00a0\u00bb _builder_version=\u00a0\u00bb4.16&Prime; animation_style=\u00a0\u00bbslide\u00a0\u00bb animation_direction=\u00a0\u00bbleft\u00a0\u00bb animation_duration=\u00a0\u00bb500ms\u00a0\u00bb animation_intensity_slide=\u00a0\u00bb10%\u00a0\u00bb animation=\u00a0\u00bbleft\u00a0\u00bb sticky=\u00a0\u00bboff\u00a0\u00bb use_border_color=\u00a0\u00bboff\u00a0\u00bb border_color=\u00a0\u00bb#ffffff\u00a0\u00bb border_style=\u00a0\u00bbsolid\u00a0\u00bb always_center_on_mobile=\u00a0\u00bbon\u00a0\u00bb global_colors_info=\u00a0\u00bb{}\u00a0\u00bb][\/et_pb_image][\/et_pb_column][\/et_pb_row][et_pb_row column_structure=\u00a0\u00bb2_3,1_3&Prime; admin_label=\u00a0\u00bbrow\u00a0\u00bb _builder_version=\u00a0\u00bb4.16&Prime; background_size=\u00a0\u00bbinitial\u00a0\u00bb background_position=\u00a0\u00bbtop_left\u00a0\u00bb background_repeat=\u00a0\u00bbrepeat\u00a0\u00bb global_colors_info=\u00a0\u00bb{}\u00a0\u00bb][et_pb_column type=\u00a0\u00bb2_3&Prime; _builder_version=\u00a0\u00bb4.16&Prime; custom_padding=\u00a0\u00bb|||\u00a0\u00bb global_colors_info=\u00a0\u00bb{}\u00a0\u00bb custom_padding__hover=\u00a0\u00bb|||\u00a0\u00bb][et_pb_text admin_label=\u00a0\u00bbText\u00a0\u00bb _builder_version=\u00a0\u00bb4.16&Prime; text_font=\u00a0\u00bbsegoeui||||\u00a0\u00bb background_size=\u00a0\u00bbinitial\u00a0\u00bb background_position=\u00a0\u00bbtop_left\u00a0\u00bb background_repeat=\u00a0\u00bbrepeat\u00a0\u00bb use_border_color=\u00a0\u00bboff\u00a0\u00bb border_color=\u00a0\u00bb#ffffff\u00a0\u00bb border_style=\u00a0\u00bbsolid\u00a0\u00bb global_colors_info=\u00a0\u00bb{}\u00a0\u00bb]<\/p>\n<h1>Joignez-vous \u00e0 notre \u00e9quipe<\/h1>\n<p>Nous recherchons des personnes ambitieuses qui veulent viser haut, se d\u00e9passer et avoir un r\u00e9el impact, tant pour nos clients que pour elles-m\u00eames.<\/p>\n<p>Prime Hires est un chef de file en solutions de talents, offrant des placements temporaires, contractuels et permanents en finance, comptabilit\u00e9, administratif et cl\u00e9rical, op\u00e9rations de bureau, centres de contact et technologies. Depuis plus de 25 ans, nous nous engageons \u00e0 offrir de fa\u00e7on constante les meilleurs talents \u00e0 nos clients, avec un d\u00e9vouement sans compromis envers l\u2019excellence. Notre \u00e9quipe passionn\u00e9e et innovante collabore avec certaines des entreprises les plus performantes en Am\u00e9rique du Nord afin de trouver rapidement et efficacement des talents de premier plan.<br \/>\n[\/et_pb_text][\/et_pb_column][et_pb_column type=\u00a0\u00bb1_3&Prime; _builder_version=\u00a0\u00bb4.16&Prime; custom_padding=\u00a0\u00bb|||\u00a0\u00bb global_colors_info=\u00a0\u00bb{}\u00a0\u00bb custom_padding__hover=\u00a0\u00bb|||\u00a0\u00bb][et_pb_text admin_label=\u00a0\u00bbText\u00a0\u00bb _builder_version=\u00a0\u00bb4.16&Prime; text_font=\u00a0\u00bbsegoeuisb||||\u00a0\u00bb header_font=\u00a0\u00bbsegoeuisb||||\u00a0\u00bb header_font_size=\u00a0\u00bb25px\u00a0\u00bb background_size=\u00a0\u00bbinitial\u00a0\u00bb background_position=\u00a0\u00bbtop_left\u00a0\u00bb background_repeat=\u00a0\u00bbrepeat\u00a0\u00bb use_border_color=\u00a0\u00bboff\u00a0\u00bb border_color=\u00a0\u00bb#ffffff\u00a0\u00bb border_style=\u00a0\u00bbsolid\u00a0\u00bb global_colors_info=\u00a0\u00bb{}\u00a0\u00bb]<\/p>\n<h3 style=\"color: rgba(201, 0, 6, 1);\"><em>Optimisez votre potentiel<\/em><\/h3>\n<blockquote><p>\u00ab La passion donne un sens \u00e0 notre vie. C\u2019est ce qui nous permet d\u2019atteindre le succ\u00e8s au-del\u00e0 de ce que nous aurions pu imaginer. \u00bb<br \/>\n Henry Samueli<\/p><\/blockquote>\n<p>[\/et_pb_text][\/et_pb_column][\/et_pb_row][et_pb_row column_structure=\u00a0\u00bb1_3,1_3,1_3&Prime; admin_label=\u00a0\u00bbRow\u00a0\u00bb _builder_version=\u00a0\u00bb4.16&Prime; background_size=\u00a0\u00bbinitial\u00a0\u00bb background_position=\u00a0\u00bbtop_left\u00a0\u00bb background_repeat=\u00a0\u00bbrepeat\u00a0\u00bb global_colors_info=\u00a0\u00bb{}\u00a0\u00bb][et_pb_column type=\u00a0\u00bb1_3&Prime; _builder_version=\u00a0\u00bb4.16&Prime; custom_padding=\u00a0\u00bb|||\u00a0\u00bb global_colors_info=\u00a0\u00bb{}\u00a0\u00bb custom_padding__hover=\u00a0\u00bb|||\u00a0\u00bb][et_pb_text admin_label=\u00a0\u00bbText\u00a0\u00bb _builder_version=\u00a0\u00bb4.16&Prime; text_font=\u00a0\u00bbsegoeui||||\u00a0\u00bb text_line_height=\u00a0\u00bb1em\u00a0\u00bb header_font=\u00a0\u00bbsegoeuisb||||\u00a0\u00bb header_font_size=\u00a0\u00bb20px\u00a0\u00bb background_size=\u00a0\u00bbinitial\u00a0\u00bb background_position=\u00a0\u00bbtop_left\u00a0\u00bb background_repeat=\u00a0\u00bbrepeat\u00a0\u00bb use_border_color=\u00a0\u00bboff\u00a0\u00bb border_color=\u00a0\u00bb#ffffff\u00a0\u00bb border_style=\u00a0\u00bbsolid\u00a0\u00bb global_colors_info=\u00a0\u00bb{}\u00a0\u00bb]<\/p>\n<h3>CE QUE NOUS OFFRONS<\/h3>\n<ul>\n<li>Une culture de collaboration, de respect et de croissance<\/li>\n<li>Un excellent r\u00e9gime de r\u00e9mun\u00e9ration avec un potentiel illimit\u00e9<\/li>\n<li>Avantages sociaux et vacances pay\u00e9s \u00e0 100 % par l\u2019employeur<\/li>\n<li>Un parcours de carri\u00e8re avec des possibilit\u00e9s d\u2019avancement adapt\u00e9es \u00e0 vos objectifs<\/li>\n<li>Des programmes de formation approfondis et du d\u00e9veloppement des comp\u00e9tences<\/li>\n<\/ul>\n<p>[\/et_pb_text][\/et_pb_column][et_pb_column type=\u00a0\u00bb1_3&Prime; _builder_version=\u00a0\u00bb4.16&Prime; custom_padding=\u00a0\u00bb|||\u00a0\u00bb global_colors_info=\u00a0\u00bb{}\u00a0\u00bb custom_padding__hover=\u00a0\u00bb|||\u00a0\u00bb][et_pb_text admin_label=\u00a0\u00bbText\u00a0\u00bb _builder_version=\u00a0\u00bb4.16&Prime; text_font=\u00a0\u00bbsegoeui||||\u00a0\u00bb text_line_height=\u00a0\u00bb1em\u00a0\u00bb header_font=\u00a0\u00bbsegoeuisb||||\u00a0\u00bb header_font_size=\u00a0\u00bb20px\u00a0\u00bb background_size=\u00a0\u00bbinitial\u00a0\u00bb background_position=\u00a0\u00bbtop_left\u00a0\u00bb background_repeat=\u00a0\u00bbrepeat\u00a0\u00bb use_border_color=\u00a0\u00bboff\u00a0\u00bb border_color=\u00a0\u00bb#ffffff\u00a0\u00bb border_style=\u00a0\u00bbsolid\u00a0\u00bb global_colors_info=\u00a0\u00bb{}\u00a0\u00bb]<\/p>\n<h3>CE QUE VOUS APPORTEZ<\/h3>\n<ul>\n<li>Un esprit entrepreneurial, un engagement envers l\u2019excellence et une forte motivation \u00e0 r\u00e9ussir<\/li>\n<li>Une passion pour le rep\u00e9rage de talents de premier plan<\/li>\n<li>Une aptitude \u00e0 b\u00e2tir des relations durables fond\u00e9es sur la confiance<\/li>\n<\/ul>\n<p>[\/et_pb_text][\/et_pb_column][et_pb_column type=\u00a0\u00bb1_3&Prime; _builder_version=\u00a0\u00bb4.16&Prime; custom_padding=\u00a0\u00bb|||\u00a0\u00bb global_colors_info=\u00a0\u00bb{}\u00a0\u00bb custom_padding__hover=\u00a0\u00bb|||\u00a0\u00bb][et_pb_text admin_label=\u00a0\u00bbText\u00a0\u00bb _builder_version=\u00a0\u00bb4.16&Prime; background_size=\u00a0\u00bbinitial\u00a0\u00bb background_position=\u00a0\u00bbtop_left\u00a0\u00bb background_repeat=\u00a0\u00bbrepeat\u00a0\u00bb use_border_color=\u00a0\u00bboff\u00a0\u00bb border_color=\u00a0\u00bb#ffffff\u00a0\u00bb border_style=\u00a0\u00bbsolid\u00a0\u00bb global_colors_info=\u00a0\u00bb{}\u00a0\u00bb]<\/p>\n<h3 style=\"color: rgba(201, 0, 6, 1);\"><em>B\u00e2tissez votre carri\u00e8re<\/em><\/h3>\n<blockquote><p>\u00ab Si vous pouvez b\u00e2tir votre carri\u00e8re autour de vos passions, vous gagnez dans la vie; c\u2019est l\u2019une des meilleures choses que l\u2019on puisse souhaiter. \u00bb<br \/>\n<strong>Chris Hardwick<\/strong><\/p><\/blockquote>\n<p>[\/et_pb_text][\/et_pb_column][\/et_pb_row][et_pb_row admin_label=\u00a0\u00bbRow\u00a0\u00bb _builder_version=\u00a0\u00bb4.16&Prime; background_size=\u00a0\u00bbinitial\u00a0\u00bb background_position=\u00a0\u00bbtop_left\u00a0\u00bb background_repeat=\u00a0\u00bbrepeat\u00a0\u00bb global_colors_info=\u00a0\u00bb{}\u00a0\u00bb][et_pb_column type=\u00a0\u00bb4_4&Prime; _builder_version=\u00a0\u00bb4.16&Prime; custom_padding=\u00a0\u00bb|||\u00a0\u00bb global_colors_info=\u00a0\u00bb{}\u00a0\u00bb custom_padding__hover=\u00a0\u00bb|||\u00a0\u00bb][et_pb_text admin_label=\u00a0\u00bbText\u00a0\u00bb _builder_version=\u00a0\u00bb4.16&Prime; background_size=\u00a0\u00bbinitial\u00a0\u00bb background_position=\u00a0\u00bbtop_left\u00a0\u00bb background_repeat=\u00a0\u00bbrepeat\u00a0\u00bb use_border_color=\u00a0\u00bboff\u00a0\u00bb border_color=\u00a0\u00bb#ffffff\u00a0\u00bb border_style=\u00a0\u00bbsolid\u00a0\u00bb global_colors_info=\u00a0\u00bb{}\u00a0\u00bb]<\/p>\n<h3>OFFRES D\u2019EMPLOI<\/h3>\n<p>&nbsp;<\/p>\n<div id=\"BambooHR\" data-domain=\"robertsonandcompany.bamboohr.com\" data-version=\"1.0.0\" data-departmentid=\"\"><\/div>\n<p><script src=\"https:\/\/robertsonandcompany.bamboohr.com\/js\/embed.js\" type=\"text\/javascript\" async=\"\" defer><\/script>[\/et_pb_text][\/et_pb_column][\/et_pb_row][\/et_pb_section]<\/p>\n","protected":false},"excerpt":{"rendered":"<p>Joignez-vous \u00e0 notre \u00e9quipe Nous recherchons des personnes ambitieuses qui veulent viser haut, se d\u00e9passer et avoir un r\u00e9el impact, tant pour nos clients que pour elles-m\u00eames. Prime Hires est un chef de file en solutions de talents, offrant des placements temporaires, contractuels et permanents en finance, comptabilit\u00e9, administratif et cl\u00e9rical, op\u00e9rations de bureau, centres [&hellip;]<\/p>\n","protected":false},"author":5,"featured_media":0,"parent":0,"menu_order":0,"comment_status":"closed","ping_status":"closed","template":"","meta":{"_et_pb_use_builder":"on","_et_pb_old_content":"","_et_gb_content_width":"","_exactmetrics_skip_tracking":false,"_exactmetrics_sitenote_active":false,"_exactmetrics_sitenote_note":"","_exactmetrics_sitenote_category":0,"footnotes":""},"class_list":["post-26244","page","type-page","status-publish","hentry"],"yoast_head":"<!-- This site is optimized with the Yoast SEO plugin v27.0 - https:\/\/yoast.com\/product\/yoast-seo-wordpress\/ -->\n<title>Carri\u00e8res - Prime Hires<\/title>\n<meta name=\"robots\" content=\"index, follow, max-snippet:-1, max-image-preview:large, max-video-preview:-1\" \/>\n<link rel=\"canonical\" href=\"https:\/\/primehires.com\/fr\/carrieres\/\" \/>\n<meta property=\"og:locale\" content=\"fr_CA\" \/>\n<meta property=\"og:type\" content=\"article\" \/>\n<meta property=\"og:title\" content=\"Carri\u00e8res - Prime Hires\" \/>\n<meta property=\"og:description\" content=\"Joignez-vous \u00e0 notre \u00e9quipe Nous recherchons des personnes ambitieuses qui veulent viser haut, se d\u00e9passer et avoir un r\u00e9el impact, tant pour nos clients que pour elles-m\u00eames. Prime Hires est un chef de file en solutions de talents, offrant des placements temporaires, contractuels et permanents en finance, comptabilit\u00e9, administratif et cl\u00e9rical, op\u00e9rations de bureau, centres [&hellip;]\" \/>\n<meta property=\"og:url\" content=\"https:\/\/primehires.com\/fr\/carrieres\/\" \/>\n<meta property=\"og:site_name\" content=\"Prime Hires\" \/>\n<meta property=\"article:modified_time\" content=\"2026-02-26T15:26:32+00:00\" \/>\n<meta name=\"twitter:label1\" content=\"Estimation du temps de lecture\" \/>\n\t<meta name=\"twitter:data1\" content=\"4 minutes\" \/>\n<script type=\"application\/ld+json\" class=\"yoast-schema-graph\">{\"@context\":\"https:\/\/schema.org\",\"@graph\":[{\"@type\":\"WebPage\",\"@id\":\"https:\/\/primehires.com\/fr\/carrieres\/\",\"url\":\"https:\/\/primehires.com\/fr\/carrieres\/\",\"name\":\"Carri\u00e8res - Prime Hires\",\"isPartOf\":{\"@id\":\"https:\/\/primehires.com\/fr\/#website\"},\"datePublished\":\"2017-10-02T19:15:59+00:00\",\"dateModified\":\"2026-02-26T15:26:32+00:00\",\"breadcrumb\":{\"@id\":\"https:\/\/primehires.com\/fr\/carrieres\/#breadcrumb\"},\"inLanguage\":\"fr-CA\",\"potentialAction\":[{\"@type\":\"ReadAction\",\"target\":[\"https:\/\/primehires.com\/fr\/carrieres\/\"]}]},{\"@type\":\"BreadcrumbList\",\"@id\":\"https:\/\/primehires.com\/fr\/carrieres\/#breadcrumb\",\"itemListElement\":[{\"@type\":\"ListItem\",\"position\":1,\"name\":\"Home\",\"item\":\"https:\/\/primehires.com\/fr\/\"},{\"@type\":\"ListItem\",\"position\":2,\"name\":\"Carri\u00e8res\"}]},{\"@type\":\"WebSite\",\"@id\":\"https:\/\/primehires.com\/fr\/#website\",\"url\":\"https:\/\/primehires.com\/fr\/\",\"name\":\"Prime Hires\",\"description\":\"Exceptional Career Opportunities\",\"potentialAction\":[{\"@type\":\"SearchAction\",\"target\":{\"@type\":\"EntryPoint\",\"urlTemplate\":\"https:\/\/primehires.com\/fr\/?s={search_term_string}\"},\"query-input\":{\"@type\":\"PropertyValueSpecification\",\"valueRequired\":true,\"valueName\":\"search_term_string\"}}],\"inLanguage\":\"fr-CA\"}]}<\/script>\n<!-- \/ Yoast SEO plugin. -->","yoast_head_json":{"title":"Carri\u00e8res - Prime Hires","robots":{"index":"index","follow":"follow","max-snippet":"max-snippet:-1","max-image-preview":"max-image-preview:large","max-video-preview":"max-video-preview:-1"},"canonical":"https:\/\/primehires.com\/fr\/carrieres\/","og_locale":"fr_CA","og_type":"article","og_title":"Carri\u00e8res - Prime Hires","og_description":"Joignez-vous \u00e0 notre \u00e9quipe Nous recherchons des personnes ambitieuses qui veulent viser haut, se d\u00e9passer et avoir un r\u00e9el impact, tant pour nos clients que pour elles-m\u00eames. Prime Hires est un chef de file en solutions de talents, offrant des placements temporaires, contractuels et permanents en finance, comptabilit\u00e9, administratif et cl\u00e9rical, op\u00e9rations de bureau, centres [&hellip;]","og_url":"https:\/\/primehires.com\/fr\/carrieres\/","og_site_name":"Prime Hires","article_modified_time":"2026-02-26T15:26:32+00:00","twitter_misc":{"Estimation du temps de lecture":"4 minutes"},"schema":{"@context":"https:\/\/schema.org","@graph":[{"@type":"WebPage","@id":"https:\/\/primehires.com\/fr\/carrieres\/","url":"https:\/\/primehires.com\/fr\/carrieres\/","name":"Carri\u00e8res - Prime Hires","isPartOf":{"@id":"https:\/\/primehires.com\/fr\/#website"},"datePublished":"2017-10-02T19:15:59+00:00","dateModified":"2026-02-26T15:26:32+00:00","breadcrumb":{"@id":"https:\/\/primehires.com\/fr\/carrieres\/#breadcrumb"},"inLanguage":"fr-CA","potentialAction":[{"@type":"ReadAction","target":["https:\/\/primehires.com\/fr\/carrieres\/"]}]},{"@type":"BreadcrumbList","@id":"https:\/\/primehires.com\/fr\/carrieres\/#breadcrumb","itemListElement":[{"@type":"ListItem","position":1,"name":"Home","item":"https:\/\/primehires.com\/fr\/"},{"@type":"ListItem","position":2,"name":"Carri\u00e8res"}]},{"@type":"WebSite","@id":"https:\/\/primehires.com\/fr\/#website","url":"https:\/\/primehires.com\/fr\/","name":"Prime Hires","description":"Exceptional Career Opportunities","potentialAction":[{"@type":"SearchAction","target":{"@type":"EntryPoint","urlTemplate":"https:\/\/primehires.com\/fr\/?s={search_term_string}"},"query-input":{"@type":"PropertyValueSpecification","valueRequired":true,"valueName":"search_term_string"}}],"inLanguage":"fr-CA"}]}},"_links":{"self":[{"href":"https:\/\/primehires.com\/fr\/wp-json\/wp\/v2\/pages\/26244","targetHints":{"allow":["GET"]}}],"collection":[{"href":"https:\/\/primehires.com\/fr\/wp-json\/wp\/v2\/pages"}],"about":[{"href":"https:\/\/primehires.com\/fr\/wp-json\/wp\/v2\/types\/page"}],"author":[{"embeddable":true,"href":"https:\/\/primehires.com\/fr\/wp-json\/wp\/v2\/users\/5"}],"replies":[{"embeddable":true,"href":"https:\/\/primehires.com\/fr\/wp-json\/wp\/v2\/comments?post=26244"}],"version-history":[{"count":2,"href":"https:\/\/primehires.com\/fr\/wp-json\/wp\/v2\/pages\/26244\/revisions"}],"predecessor-version":[{"id":26247,"href":"https:\/\/primehires.com\/fr\/wp-json\/wp\/v2\/pages\/26244\/revisions\/26247"}],"wp:attachment":[{"href":"https:\/\/primehires.com\/fr\/wp-json\/wp\/v2\/media?parent=26244"}],"curies":[{"name":"wp","href":"https:\/\/api.w.org\/{rel}","templated":true}]}}