{"id":26240,"date":"2024-01-27T17:32:49","date_gmt":"2024-01-27T17:32:49","guid":{"rendered":"https:\/\/primehires.com\/offres-demploi\/"},"modified":"2026-02-26T15:56:09","modified_gmt":"2026-02-26T15:56:09","slug":"offres-demploi","status":"publish","type":"page","link":"https:\/\/primehires.com\/fr\/offres-demploi\/","title":{"rendered":"Offres d\u2019emploi"},"content":{"rendered":"<p>[et_pb_section fb_built=\u00a0\u00bb1&Prime; fullwidth=\u00a0\u00bbon\u00a0\u00bb custom_padding_last_edited=\u00a0\u00bbon|desktop\u00a0\u00bb admin_label=\u00a0\u00bbsection\u00a0\u00bb _builder_version=\u00a0\u00bb4.16&Prime; custom_padding=\u00a0\u00bb|||\u00a0\u00bb custom_padding_tablet=\u00a0\u00bb50px|0|50px|0&Prime; transparent_background=\u00a0\u00bboff\u00a0\u00bb padding_mobile=\u00a0\u00bboff\u00a0\u00bb make_fullwidth=\u00a0\u00bboff\u00a0\u00bb use_custom_width=\u00a0\u00bboff\u00a0\u00bb width_unit=\u00a0\u00bbon\u00a0\u00bb global_colors_info=\u00a0\u00bb{}\u00a0\u00bb custom_padding_phone=\u00a0\u00bb50px|0|50px|0&Prime;][et_pb_fullwidth_image src=\u00a0\u00bbhttps:\/\/primehires.com\/wp-content\/uploads\/2017\/01\/PH-Candidates-450.jpg\u00a0\u00bb disabled_on=\u00a0\u00bb|on|on\u00a0\u00bb admin_label=\u00a0\u00bbMobile banner\u00a0\u00bb _builder_version=\u00a0\u00bb4.16&Prime; custom_css_main_element=\u00a0\u00bbborder-bottom-style: solid;||border-width: 3px;||border-color: #ba0c2f;\u00a0\u00bb use_border_color=\u00a0\u00bboff\u00a0\u00bb border_color=\u00a0\u00bb#ffffff\u00a0\u00bb border_style=\u00a0\u00bbsolid\u00a0\u00bb animation=\u00a0\u00bboff\u00a0\u00bb global_colors_info=\u00a0\u00bb{}\u00a0\u00bb] [\/et_pb_fullwidth_image][et_pb_fullwidth_image src=\u00a0\u00bbhttps:\/\/primehires.com\/wp-content\/uploads\/2015\/07\/Prime-hires-main-banner-image.jpg\u00a0\u00bb disabled_on=\u00a0\u00bbon||\u00a0\u00bb admin_label=\u00a0\u00bbFullwidth Image\u00a0\u00bb _builder_version=\u00a0\u00bb4.16&Prime; custom_css_main_element=\u00a0\u00bbborder-bottom-style: solid;||border-width: 3px;||border-color: #ba0c2f;\u00a0\u00bb use_border_color=\u00a0\u00bboff\u00a0\u00bb border_color=\u00a0\u00bb#ffffff\u00a0\u00bb border_width=\u00a0\u00bb8px\u00a0\u00bb border_style=\u00a0\u00bbsolid\u00a0\u00bb animation=\u00a0\u00bboff\u00a0\u00bb global_colors_info=\u00a0\u00bb{}\u00a0\u00bb] [\/et_pb_fullwidth_image][et_pb_fullwidth_header title=\u00a0\u00bbTROUVEZ DES OCCASIONS D\u2019EMPLOI QUI CORRESPONDENT \u00c0 VOS COMP\u00c9TENCES\u00a0\u00bb content_max_width=\u00a0\u00bbnone\u00a0\u00bb admin_label=\u00a0\u00bbFullwidth Header\u00a0\u00bb _builder_version=\u00a0\u00bb4.16&Prime; title_font=\u00a0\u00bb|on|||\u00a0\u00bb background_color=\u00a0\u00bb#383838&Prime; button_one_letter_spacing_hover=\u00a0\u00bb0&Prime; button_two_letter_spacing_hover=\u00a0\u00bb0&Prime; saved_tabs=\u00a0\u00bball\u00a0\u00bb global_colors_info=\u00a0\u00bb{}\u00a0\u00bb button_one_text_size__hover_enabled=\u00a0\u00bboff\u00a0\u00bb button_two_text_size__hover_enabled=\u00a0\u00bboff\u00a0\u00bb button_one_text_color__hover_enabled=\u00a0\u00bboff\u00a0\u00bb button_two_text_color__hover_enabled=\u00a0\u00bboff\u00a0\u00bb button_one_border_width__hover_enabled=\u00a0\u00bboff\u00a0\u00bb button_two_border_width__hover_enabled=\u00a0\u00bboff\u00a0\u00bb button_one_border_color__hover_enabled=\u00a0\u00bboff\u00a0\u00bb button_two_border_color__hover_enabled=\u00a0\u00bboff\u00a0\u00bb button_one_border_radius__hover_enabled=\u00a0\u00bboff\u00a0\u00bb button_two_border_radius__hover_enabled=\u00a0\u00bboff\u00a0\u00bb button_one_letter_spacing__hover_enabled=\u00a0\u00bbon\u00a0\u00bb button_one_letter_spacing__hover=\u00a0\u00bb0&Prime; button_two_letter_spacing__hover_enabled=\u00a0\u00bbon\u00a0\u00bb button_two_letter_spacing__hover=\u00a0\u00bb0&Prime; button_one_bg_color__hover_enabled=\u00a0\u00bboff\u00a0\u00bb button_two_bg_color__hover_enabled=\u00a0\u00bboff\u00a0\u00bb]<\/p>\n<p style=\"text-align: justify;\">En quelques clics, trouvez des occasions d\u2019emploi qui correspondent \u00e0 vos comp\u00e9tences, \u00e0 vos objectifs de carri\u00e8re et \u00e0 vos aspirations. Laissez Prime Hires vous aider \u00e0 trouver l\u2019occasion id\u00e9ale. Nous vous mettons en relation avec des employeurs partout au Canada et aux \u00c9tats-Unis, notamment \u00e0 Montr\u00e9al, Ottawa, Toronto, Calgary, Edmonton, Vancouver, ainsi qu\u2019\u00e0 New York, Philadelphie, Atlanta et Chicago. Lancez votre recherche ci-dessous pour trouver celle qui vous convient.<\/p>\n<p>[\/et_pb_fullwidth_header][\/et_pb_section][et_pb_section fb_built=\u00a0\u00bb1&Prime; custom_padding_last_edited=\u00a0\u00bbon|desktop\u00a0\u00bb admin_label=\u00a0\u00bbsection\u00a0\u00bb _builder_version=\u00a0\u00bb4.16&Prime; background_color=\u00a0\u00bbrgba(255,255,255,0)\u00a0\u00bb custom_padding_tablet=\u00a0\u00bb50px|0|50px|0&Prime; custom_css_main_element=\u00a0\u00bbbackground-image {max-height:300px;}\u00a0\u00bb transparent_background=\u00a0\u00bbon\u00a0\u00bb padding_mobile=\u00a0\u00bboff\u00a0\u00bb make_fullwidth=\u00a0\u00bboff\u00a0\u00bb use_custom_width=\u00a0\u00bboff\u00a0\u00bb width_unit=\u00a0\u00bbon\u00a0\u00bb global_colors_info=\u00a0\u00bb{}\u00a0\u00bb custom_padding_phone=\u00a0\u00bb50px|0|50px|0&Prime;][et_pb_row admin_label=\u00a0\u00bbrow\u00a0\u00bb _builder_version=\u00a0\u00bb4.16&Prime; background_size=\u00a0\u00bbinitial\u00a0\u00bb background_position=\u00a0\u00bbtop_left\u00a0\u00bb background_repeat=\u00a0\u00bbrepeat\u00a0\u00bb global_colors_info=\u00a0\u00bb{}\u00a0\u00bb][et_pb_column type=\u00a0\u00bb4_4&Prime; _builder_version=\u00a0\u00bb4.16&Prime; custom_padding=\u00a0\u00bb|||\u00a0\u00bb global_colors_info=\u00a0\u00bb{}\u00a0\u00bb custom_padding__hover=\u00a0\u00bb|||\u00a0\u00bb][et_pb_divider show_divider=\u00a0\u00bboff\u00a0\u00bb disabled_on=\u00a0\u00bbon|on|off\u00a0\u00bb admin_label=\u00a0\u00bbDivider\u00a0\u00bb _builder_version=\u00a0\u00bb4.16&Prime; height=\u00a0\u00bb20px\u00a0\u00bb hover_enabled=\u00a0\u00bb0&Prime; hide_on_mobile=\u00a0\u00bbon\u00a0\u00bb global_colors_info=\u00a0\u00bb{}\u00a0\u00bb sticky_enabled=\u00a0\u00bb0&Prime;] [\/et_pb_divider][\/et_pb_column][\/et_pb_row][\/et_pb_section][et_pb_section fb_built=\u00a0\u00bb1&Prime; theme_builder_area=\u00a0\u00bbpost_content\u00a0\u00bb _builder_version=\u00a0\u00bb4.24.0&Prime; _module_preset=\u00a0\u00bbdefault\u00a0\u00bb][et_pb_row _builder_version=\u00a0\u00bb4.24.0&Prime; _module_preset=\u00a0\u00bbdefault\u00a0\u00bb theme_builder_area=\u00a0\u00bbpost_content\u00a0\u00bb][et_pb_column _builder_version=\u00a0\u00bb4.24.0&Prime; _module_preset=\u00a0\u00bbdefault\u00a0\u00bb type=\u00a0\u00bb4_4&Prime; theme_builder_area=\u00a0\u00bbpost_content\u00a0\u00bb][et_pb_text _builder_version=\u00a0\u00bb4.24.0&Prime; _module_preset=\u00a0\u00bbdefault\u00a0\u00bb theme_builder_area=\u00a0\u00bbpost_content\u00a0\u00bb hover_enabled=\u00a0\u00bb0&Prime; sticky_enabled=\u00a0\u00bb0&Prime;]<\/p>\n\n<!-- oscp plugin v3.4.2 -->\n<iframe loading=\"lazy\" src=\"https:\/\/primehires.com\/wp-content\/plugins\/bullhorn-oscp\/index.html\" width=\"100%\" height=\"800px\" scrolling=\"yes\" class=\"iframe-class\" frameborder=\"0\"><\/iframe>\n\n<p>[\/et_pb_text][\/et_pb_column][\/et_pb_row][\/et_pb_section][et_pb_section fb_built=\u00a0\u00bb1&Prime; custom_padding_last_edited=\u00a0\u00bbon|desktop\u00a0\u00bb admin_label=\u00a0\u00bbsection\u00a0\u00bb _builder_version=\u00a0\u00bb3.22&Prime; background_color=\u00a0\u00bb#ba0c2f\u00a0\u00bb custom_padding_tablet=\u00a0\u00bb50px|0|50px|0&Prime; transparent_background=\u00a0\u00bboff\u00a0\u00bb padding_mobile=\u00a0\u00bboff\u00a0\u00bb make_fullwidth=\u00a0\u00bboff\u00a0\u00bb use_custom_width=\u00a0\u00bboff\u00a0\u00bb width_unit=\u00a0\u00bbon\u00a0\u00bb global_module=\u00a0\u00bb25835&Prime; global_colors_info=\u00a0\u00bb{}\u00a0\u00bb custom_padding_phone=\u00a0\u00bb50px|0|50px|0&Prime;][et_pb_row padding_mobile=\u00a0\u00bboff\u00a0\u00bb column_padding_mobile=\u00a0\u00bbon\u00a0\u00bb admin_label=\u00a0\u00bbrow\u00a0\u00bb module_class=\u00a0\u00bb et_pb_row_fullwidth\u00a0\u00bb _builder_version=\u00a0\u00bb4.16&Prime; background_color=\u00a0\u00bb#ba0c2f\u00a0\u00bb background_size=\u00a0\u00bbinitial\u00a0\u00bb background_position=\u00a0\u00bbtop_left\u00a0\u00bb background_repeat=\u00a0\u00bbrepeat\u00a0\u00bb width=\u00a0\u00bb89%\u00a0\u00bb width_tablet=\u00a0\u00bb80%\u00a0\u00bb width_last_edited=\u00a0\u00bbon|desktop\u00a0\u00bb max_width=\u00a0\u00bb89%\u00a0\u00bb max_width_tablet=\u00a0\u00bb80%\u00a0\u00bb max_width_last_edited=\u00a0\u00bbon|desktop\u00a0\u00bb make_fullwidth=\u00a0\u00bbon\u00a0\u00bb use_custom_width=\u00a0\u00bboff\u00a0\u00bb width_unit=\u00a0\u00bbon\u00a0\u00bb global_colors_info=\u00a0\u00bb{}\u00a0\u00bb width_phone=\u00a0\u00bb80%\u00a0\u00bb max_width_phone=\u00a0\u00bb80%\u00a0\u00bb][et_pb_column type=\u00a0\u00bb4_4&Prime; _builder_version=\u00a0\u00bb4.16&Prime; custom_padding=\u00a0\u00bb|||\u00a0\u00bb global_colors_info=\u00a0\u00bb{}\u00a0\u00bb custom_padding__hover=\u00a0\u00bb|||\u00a0\u00bb][et_pb_cta title=\u00a0\u00bbD\u00e9couvrez comment nous pouvons vous aider\u00a0\u00bb button_url=\u00a0\u00bbhttps:\/\/primehires.com\/fr\/contactez-nous\/\u00a0\u00bb button_text=\u00a0\u00bbCommuniquez avec Prime Hires\u00a0\u00bb admin_label=\u00a0\u00bbCall To Action\u00a0\u00bb _builder_version=\u00a0\u00bb4.16&Prime; background_color=\u00a0\u00bb#ba0c2f\u00a0\u00bb background_size=\u00a0\u00bbinitial\u00a0\u00bb background_position=\u00a0\u00bbtop_left\u00a0\u00bb background_repeat=\u00a0\u00bbrepeat\u00a0\u00bb max_width=\u00a0\u00bb100%\u00a0\u00bb custom_margin=\u00a0\u00bb0px|0px|0px|0px\u00a0\u00bb use_border_color=\u00a0\u00bboff\u00a0\u00bb border_color=\u00a0\u00bb#ffffff\u00a0\u00bb border_style=\u00a0\u00bbsolid\u00a0\u00bb button_letter_spacing_hover=\u00a0\u00bb0&Prime; global_colors_info=\u00a0\u00bb{}\u00a0\u00bb button_text_size__hover_enabled=\u00a0\u00bboff\u00a0\u00bb button_one_text_size__hover_enabled=\u00a0\u00bboff\u00a0\u00bb button_two_text_size__hover_enabled=\u00a0\u00bboff\u00a0\u00bb button_text_color__hover_enabled=\u00a0\u00bboff\u00a0\u00bb button_one_text_color__hover_enabled=\u00a0\u00bboff\u00a0\u00bb button_two_text_color__hover_enabled=\u00a0\u00bboff\u00a0\u00bb button_border_width__hover_enabled=\u00a0\u00bboff\u00a0\u00bb button_one_border_width__hover_enabled=\u00a0\u00bboff\u00a0\u00bb button_two_border_width__hover_enabled=\u00a0\u00bboff\u00a0\u00bb button_border_color__hover_enabled=\u00a0\u00bboff\u00a0\u00bb button_one_border_color__hover_enabled=\u00a0\u00bboff\u00a0\u00bb button_two_border_color__hover_enabled=\u00a0\u00bboff\u00a0\u00bb button_border_radius__hover_enabled=\u00a0\u00bboff\u00a0\u00bb button_one_border_radius__hover_enabled=\u00a0\u00bboff\u00a0\u00bb button_two_border_radius__hover_enabled=\u00a0\u00bboff\u00a0\u00bb button_letter_spacing__hover_enabled=\u00a0\u00bbon\u00a0\u00bb button_letter_spacing__hover=\u00a0\u00bb0&Prime; button_one_letter_spacing__hover_enabled=\u00a0\u00bboff\u00a0\u00bb button_two_letter_spacing__hover_enabled=\u00a0\u00bboff\u00a0\u00bb button_bg_color__hover_enabled=\u00a0\u00bboff\u00a0\u00bb button_one_bg_color__hover_enabled=\u00a0\u00bboff\u00a0\u00bb button_two_bg_color__hover_enabled=\u00a0\u00bboff\u00a0\u00bb][\/et_pb_cta][\/et_pb_column][\/et_pb_row][\/et_pb_section]<\/p>\n","protected":false},"excerpt":{"rendered":"<p>En quelques clics, trouvez des occasions d\u2019emploi qui correspondent \u00e0 vos comp\u00e9tences, \u00e0 vos objectifs de carri\u00e8re et \u00e0 vos aspirations. Laissez Prime Hires vous aider \u00e0 trouver l\u2019occasion id\u00e9ale. Nous vous mettons en relation avec des employeurs partout au Canada et aux \u00c9tats-Unis, notamment \u00e0 Montr\u00e9al, Ottawa, Toronto, Calgary, Edmonton, Vancouver, ainsi qu\u2019\u00e0 New [&hellip;]<\/p>\n","protected":false},"author":1,"featured_media":0,"parent":0,"menu_order":0,"comment_status":"closed","ping_status":"closed","template":"","meta":{"_et_pb_use_builder":"on","_et_pb_old_content":"","_et_gb_content_width":"","_exactmetrics_skip_tracking":false,"_exactmetrics_sitenote_active":false,"_exactmetrics_sitenote_note":"","_exactmetrics_sitenote_category":0,"footnotes":""},"class_list":["post-26240","page","type-page","status-publish","hentry"],"yoast_head":"<!-- This site is optimized with the Yoast SEO plugin v27.0 - https:\/\/yoast.com\/product\/yoast-seo-wordpress\/ -->\n<title>Offres d\u2019emploi - Prime Hires<\/title>\n<meta name=\"description\" content=\"Offres d\u2019emploi. Nous vous mettons en relation avec des employeurs partout au Canada et aux \u00c9tats-Unis, notamment \u00e0 Montr\u00e9al, Ottawa, Toronto, Calgary, Edmonton, Vancouver, ainsi qu\u2019\u00e0 New York, Philadelphie, Atlanta et Chicago. Your next big career move begins here!\" \/>\n<meta name=\"robots\" content=\"index, follow, max-snippet:-1, max-image-preview:large, max-video-preview:-1\" \/>\n<link rel=\"canonical\" href=\"https:\/\/primehires.com\/fr\/offres-demploi\/\" \/>\n<meta property=\"og:locale\" content=\"fr_CA\" \/>\n<meta property=\"og:type\" content=\"article\" \/>\n<meta property=\"og:title\" content=\"Offres d\u2019emploi - Prime Hires\" \/>\n<meta property=\"og:description\" content=\"Offres d\u2019emploi. Nous vous mettons en relation avec des employeurs partout au Canada et aux \u00c9tats-Unis, notamment \u00e0 Montr\u00e9al, Ottawa, Toronto, Calgary, Edmonton, Vancouver, ainsi qu\u2019\u00e0 New York, Philadelphie, Atlanta et Chicago. Your next big career move begins here!\" \/>\n<meta property=\"og:url\" content=\"https:\/\/primehires.com\/fr\/offres-demploi\/\" \/>\n<meta property=\"og:site_name\" content=\"Prime Hires\" \/>\n<meta property=\"article:modified_time\" content=\"2026-02-26T15:56:09+00:00\" \/>\n<meta name=\"twitter:label1\" content=\"Estimation du temps de lecture\" \/>\n\t<meta name=\"twitter:data1\" content=\"5 minutes\" \/>\n<script type=\"application\/ld+json\" class=\"yoast-schema-graph\">{\"@context\":\"https:\/\/schema.org\",\"@graph\":[{\"@type\":\"WebPage\",\"@id\":\"https:\/\/primehires.com\/fr\/offres-demploi\/\",\"url\":\"https:\/\/primehires.com\/fr\/offres-demploi\/\",\"name\":\"Offres d\u2019emploi - Prime Hires\",\"isPartOf\":{\"@id\":\"https:\/\/primehires.com\/fr\/#website\"},\"datePublished\":\"2024-01-27T17:32:49+00:00\",\"dateModified\":\"2026-02-26T15:56:09+00:00\",\"description\":\"Offres d\u2019emploi. Nous vous mettons en relation avec des employeurs partout au Canada et aux \u00c9tats-Unis, notamment \u00e0 Montr\u00e9al, Ottawa, Toronto, Calgary, Edmonton, Vancouver, ainsi qu\u2019\u00e0 New York, Philadelphie, Atlanta et Chicago. Your next big career move begins here!\",\"breadcrumb\":{\"@id\":\"https:\/\/primehires.com\/fr\/offres-demploi\/#breadcrumb\"},\"inLanguage\":\"fr-CA\",\"potentialAction\":[{\"@type\":\"ReadAction\",\"target\":[\"https:\/\/primehires.com\/fr\/offres-demploi\/\"]}]},{\"@type\":\"BreadcrumbList\",\"@id\":\"https:\/\/primehires.com\/fr\/offres-demploi\/#breadcrumb\",\"itemListElement\":[{\"@type\":\"ListItem\",\"position\":1,\"name\":\"Home\",\"item\":\"https:\/\/primehires.com\/fr\/\"},{\"@type\":\"ListItem\",\"position\":2,\"name\":\"Offres d\u2019emploi\"}]},{\"@type\":\"WebSite\",\"@id\":\"https:\/\/primehires.com\/fr\/#website\",\"url\":\"https:\/\/primehires.com\/fr\/\",\"name\":\"Prime Hires\",\"description\":\"Exceptional Career Opportunities\",\"potentialAction\":[{\"@type\":\"SearchAction\",\"target\":{\"@type\":\"EntryPoint\",\"urlTemplate\":\"https:\/\/primehires.com\/fr\/?s={search_term_string}\"},\"query-input\":{\"@type\":\"PropertyValueSpecification\",\"valueRequired\":true,\"valueName\":\"search_term_string\"}}],\"inLanguage\":\"fr-CA\"}]}<\/script>\n<!-- \/ Yoast SEO plugin. -->","yoast_head_json":{"title":"Offres d\u2019emploi - Prime Hires","description":"Offres d\u2019emploi. Nous vous mettons en relation avec des employeurs partout au Canada et aux \u00c9tats-Unis, notamment \u00e0 Montr\u00e9al, Ottawa, Toronto, Calgary, Edmonton, Vancouver, ainsi qu\u2019\u00e0 New York, Philadelphie, Atlanta et Chicago. Your next big career move begins here!","robots":{"index":"index","follow":"follow","max-snippet":"max-snippet:-1","max-image-preview":"max-image-preview:large","max-video-preview":"max-video-preview:-1"},"canonical":"https:\/\/primehires.com\/fr\/offres-demploi\/","og_locale":"fr_CA","og_type":"article","og_title":"Offres d\u2019emploi - Prime Hires","og_description":"Offres d\u2019emploi. Nous vous mettons en relation avec des employeurs partout au Canada et aux \u00c9tats-Unis, notamment \u00e0 Montr\u00e9al, Ottawa, Toronto, Calgary, Edmonton, Vancouver, ainsi qu\u2019\u00e0 New York, Philadelphie, Atlanta et Chicago. Your next big career move begins here!","og_url":"https:\/\/primehires.com\/fr\/offres-demploi\/","og_site_name":"Prime Hires","article_modified_time":"2026-02-26T15:56:09+00:00","twitter_misc":{"Estimation du temps de lecture":"5 minutes"},"schema":{"@context":"https:\/\/schema.org","@graph":[{"@type":"WebPage","@id":"https:\/\/primehires.com\/fr\/offres-demploi\/","url":"https:\/\/primehires.com\/fr\/offres-demploi\/","name":"Offres d\u2019emploi - Prime Hires","isPartOf":{"@id":"https:\/\/primehires.com\/fr\/#website"},"datePublished":"2024-01-27T17:32:49+00:00","dateModified":"2026-02-26T15:56:09+00:00","description":"Offres d\u2019emploi. Nous vous mettons en relation avec des employeurs partout au Canada et aux \u00c9tats-Unis, notamment \u00e0 Montr\u00e9al, Ottawa, Toronto, Calgary, Edmonton, Vancouver, ainsi qu\u2019\u00e0 New York, Philadelphie, Atlanta et Chicago. Your next big career move begins here!","breadcrumb":{"@id":"https:\/\/primehires.com\/fr\/offres-demploi\/#breadcrumb"},"inLanguage":"fr-CA","potentialAction":[{"@type":"ReadAction","target":["https:\/\/primehires.com\/fr\/offres-demploi\/"]}]},{"@type":"BreadcrumbList","@id":"https:\/\/primehires.com\/fr\/offres-demploi\/#breadcrumb","itemListElement":[{"@type":"ListItem","position":1,"name":"Home","item":"https:\/\/primehires.com\/fr\/"},{"@type":"ListItem","position":2,"name":"Offres d\u2019emploi"}]},{"@type":"WebSite","@id":"https:\/\/primehires.com\/fr\/#website","url":"https:\/\/primehires.com\/fr\/","name":"Prime Hires","description":"Exceptional Career Opportunities","potentialAction":[{"@type":"SearchAction","target":{"@type":"EntryPoint","urlTemplate":"https:\/\/primehires.com\/fr\/?s={search_term_string}"},"query-input":{"@type":"PropertyValueSpecification","valueRequired":true,"valueName":"search_term_string"}}],"inLanguage":"fr-CA"}]}},"_links":{"self":[{"href":"https:\/\/primehires.com\/fr\/wp-json\/wp\/v2\/pages\/26240","targetHints":{"allow":["GET"]}}],"collection":[{"href":"https:\/\/primehires.com\/fr\/wp-json\/wp\/v2\/pages"}],"about":[{"href":"https:\/\/primehires.com\/fr\/wp-json\/wp\/v2\/types\/page"}],"author":[{"embeddable":true,"href":"https:\/\/primehires.com\/fr\/wp-json\/wp\/v2\/users\/1"}],"replies":[{"embeddable":true,"href":"https:\/\/primehires.com\/fr\/wp-json\/wp\/v2\/comments?post=26240"}],"version-history":[{"count":6,"href":"https:\/\/primehires.com\/fr\/wp-json\/wp\/v2\/pages\/26240\/revisions"}],"predecessor-version":[{"id":26269,"href":"https:\/\/primehires.com\/fr\/wp-json\/wp\/v2\/pages\/26240\/revisions\/26269"}],"wp:attachment":[{"href":"https:\/\/primehires.com\/fr\/wp-json\/wp\/v2\/media?parent=26240"}],"curies":[{"name":"wp","href":"https:\/\/api.w.org\/{rel}","templated":true}]}}